{"id":11,"date":"2021-06-23T23:04:28","date_gmt":"2021-06-23T23:04:28","guid":{"rendered":"http:\/\/www.ulrikbrask.dk\/?page_id=11"},"modified":"2023-06-08T22:33:47","modified_gmt":"2023-06-08T20:33:47","slug":"om","status":"publish","type":"page","link":"https:\/\/www.ulrikbrask.dk\/?page_id=11","title":{"rendered":"Om Ulrik Brask"},"content":{"rendered":"\n<p>Siden teenage\u00e5rene har Ulrik Brask arbejdet med TV- og film-produktion p\u00e5 forskellige niveauer. Fra de mest ydmyge undergrunds- og eksperimental-film til de st\u00f8rste live produktioner p\u00e5 nationalt tv og serier for internationale tv-stationer. Et par \u00e5r p\u00e5 institut for filmvidenskab giver et teoretisk grundlag og en filmhistorisk forst\u00e5else. En indsigt Ulrik Brask tager udgangspunkt i da han i 80&#8217;erne er med til at g\u00f8re Dansk videokunst internationalt anderkendt. Op i gennem 90&#8217;erne og 00&#8217;erne arbejder Ulrik Brask som freelance filmarbejder med fast tilknytning til TV2 Danmarks nyhedsafdeling. Undervejs underviser Ulrik Brask ogs\u00e5 i medieproduktion, i mange forskellige sammenh\u00e6nge, fra produktionsskoler og kommercielle kursusudbydere til Det Kgl. Danske Kunstakademi. I de seneste \u00e5r besk\u00e6ftiger Ulrik Brask sig i stigende grad med produktion af underholdning med musikalsk indhold til broadcast TV.<\/p>\n\n\n\n<p><em>Tekst, grafik, billeder, lyd og andet indhold p\u00e5 dette website er beskyttet efter lov om ophavsret. Ulrik Brask forbeholder sig alle rettigheder til indholdet, herunder retten til at udnytte indholdet med henblik p\u00e5 tekst- og datamining, jf. ophavsretslovens \u00a7 11 b og DSM-direktivets artikel 4<\/em>.<\/p>\n\n\n\n<h3 class=\"wp-block-heading\"><strong>To minutters demo med popmusik<\/strong><\/h3>\n\n\n\n<figure class=\"wp-block-video\"><video height=\"1080\" style=\"aspect-ratio: 1920 \/ 1080;\" width=\"1920\" controls poster=\"https:\/\/www.ulrikbrask.dk\/wp-content\/uploads\/2022\/06\/PopDemoSTILL.png\" src=\"https:\/\/www.ulrikbrask.dk\/wp-content\/uploads\/2022\/06\/PopDemo.m4v\"><\/video><\/figure>\n\n\n\n<p><\/p>\n\n\n\n<h3 class=\"wp-block-heading\"><strong>Eksempler p\u00e5 serie produceret for BBC World Service<\/strong><\/h3>\n\n\n\n<figure class=\"wp-block-embed is-type-video is-provider-youtube wp-block-embed-youtube wp-embed-aspect-16-9 wp-has-aspect-ratio\"><div class=\"wp-block-embed__wrapper\">\n<iframe loading=\"lazy\" title=\"\u06a9\u067e\u0646\u0647\u0627\u06af \u0634\u0647\u0631 \u062f\u0648\u0686\u0631\u062e\u0647 \u0633\u0648\u0627\u0631\u0647\u0627- \u0628\u0644\u0648\u0631 \u0628\u0646\u0641\u0634\" width=\"790\" height=\"444\" src=\"https:\/\/www.youtube.com\/embed\/uqf65M0o6sc?feature=oembed\" frameborder=\"0\" allow=\"accelerometer; autoplay; clipboard-write; encrypted-media; gyroscope; picture-in-picture; web-share\" allowfullscreen><\/iframe>\n<\/div><\/figure>\n\n\n\n<figure class=\"wp-block-embed is-type-video is-provider-youtube wp-block-embed-youtube wp-embed-aspect-16-9 wp-has-aspect-ratio\"><div class=\"wp-block-embed__wrapper\">\n<iframe loading=\"lazy\" title=\"\u0627\u0632 \u0631\u0636\u0627\u0634\u0627\u0647 \u062a\u0627 \u0634\u06cc\u0631\u06cc\u0646\u06cc \u062f\u0627\u0646\u0645\u0627\u0631\u06a9\u06cc- \u0628\u0644\u0648\u0631 \u0628\u0646\u0641\u0634 \u062f\u0627\u0646\u0645\u0627\u0631\u06a9:\u06f1\u06f4\" width=\"790\" height=\"444\" src=\"https:\/\/www.youtube.com\/embed\/_vq6ACxWUnA?feature=oembed\" frameborder=\"0\" allow=\"accelerometer; autoplay; clipboard-write; encrypted-media; gyroscope; picture-in-picture; web-share\" allowfullscreen><\/iframe>\n<\/div><\/figure>\n","protected":false},"excerpt":{"rendered":"<p>Siden teenage\u00e5rene har Ulrik Brask arbejdet med TV- og film-produktion p\u00e5 forskellige niveauer. Fra de mest ydmyge undergrunds- og eksperimental-film til de st\u00f8rste live produktioner p\u00e5 nationalt tv og serier for internationale tv-stationer. Et par \u00e5r p\u00e5 institut for filmvidenskab giver et teoretisk grundlag og en filmhistorisk forst\u00e5else. En indsigt&#8230;<\/p>\n","protected":false},"author":1,"featured_media":0,"parent":0,"menu_order":0,"comment_status":"closed","ping_status":"closed","template":"","meta":{"footnotes":""},"class_list":["post-11","page","type-page","status-publish","hentry"],"_links":{"self":[{"href":"https:\/\/www.ulrikbrask.dk\/index.php?rest_route=\/wp\/v2\/pages\/11","targetHints":{"allow":["GET"]}}],"collection":[{"href":"https:\/\/www.ulrikbrask.dk\/index.php?rest_route=\/wp\/v2\/pages"}],"about":[{"href":"https:\/\/www.ulrikbrask.dk\/index.php?rest_route=\/wp\/v2\/types\/page"}],"author":[{"embeddable":true,"href":"https:\/\/www.ulrikbrask.dk\/index.php?rest_route=\/wp\/v2\/users\/1"}],"replies":[{"embeddable":true,"href":"https:\/\/www.ulrikbrask.dk\/index.php?rest_route=%2Fwp%2Fv2%2Fcomments&post=11"}],"version-history":[{"count":0,"href":"https:\/\/www.ulrikbrask.dk\/index.php?rest_route=\/wp\/v2\/pages\/11\/revisions"}],"wp:attachment":[{"href":"https:\/\/www.ulrikbrask.dk\/index.php?rest_route=%2Fwp%2Fv2%2Fmedia&parent=11"}],"curies":[{"name":"wp","href":"https:\/\/api.w.org\/{rel}","templated":true}]}}